{"id":15135,"date":"2022-04-01T08:50:15","date_gmt":"2022-04-01T08:50:15","guid":{"rendered":"https:\/\/www.gotourtransfer.com\/gizlilik-politikasi\/"},"modified":"2025-11-14T10:49:52","modified_gmt":"2025-11-14T10:49:52","slug":"gizlilik-politikasi","status":"publish","type":"page","link":"https:\/\/www.gotourtransfer.com\/tr\/gizlilik-politikasi\/","title":{"rendered":"Gizlilik Politikas\u0131"},"content":{"rendered":"&#13;\n<h2 class=\"wp-block-heading\">Biz kimiz<\/h2>&#13;\n&#13;\n<p>\u00d6nerilen metin: Web sitemizin adresi: https:\/\/travelerwp.com\/<\/p>&#13;\n&#13;\n<h2 class=\"wp-block-heading\">Yorumlar<\/h2>&#13;\n&#13;\n<p>\u00d6nerilen metin: Ziyaret\u00e7iler siteye yorum b\u0131rakt\u0131klar\u0131nda, yorum formunda g\u00f6sterilen verileri ve ayr\u0131ca spam tespitine yard\u0131mc\u0131 olmak i\u00e7in ziyaret\u00e7inin IP adresini ve taray\u0131c\u0131 kullan\u0131c\u0131 ajan\u0131 dizesini toplar\u0131z.<\/p>&#13;\n&#13;\n<p>E-posta adresinizden olu\u015fturulan anonim bir dize (hash olarak da adland\u0131r\u0131l\u0131r) Gravatar hizmetine, bu hizmeti kullan\u0131p kullanmad\u0131\u011f\u0131n\u0131z\u0131 g\u00f6rmek i\u00e7in sa\u011flanabilir. Gravatar hizmetinin gizlilik politikas\u0131 burada mevcuttur: https:\/\/automattic.com\/privacy\/. Yorumunuz onayland\u0131ktan sonra, profil resminiz yorumunuzun ba\u011flam\u0131nda herkese a\u00e7\u0131k olarak g\u00f6r\u00fcn\u00fcr.<\/p>&#13;\n&#13;\n<h2 class=\"wp-block-heading\">Medya<\/h2>&#13;\n&#13;\n<p>\u00d6nerilen metin: Web sitesine resim y\u00fckledi\u011finizde, g\u00f6m\u00fcl\u00fc konum verileri (EXIF GPS) i\u00e7eren resimleri y\u00fcklemekten ka\u00e7\u0131nmal\u0131s\u0131n\u0131z. Web sitesini ziyaret edenler, web sitesindeki g\u00f6r\u00fcnt\u00fclerden herhangi bir konum verisini indirebilir ve \u00e7\u0131karabilir.<\/p>&#13;\n&#13;\n<h2 class=\"wp-block-heading\">\u00c7erezler<\/h2>&#13;\n&#13;\n<p>\u00d6nerilen metin: Sitemize yorum b\u0131rak\u0131rsan\u0131z, ad\u0131n\u0131z\u0131, e-posta adresinizi ve web sitenizi \u00e7erezlere kaydetmeyi se\u00e7ebilirsiniz. Bunlar, ba\u015fka bir yorum b\u0131rakt\u0131\u011f\u0131n\u0131zda bilgilerinizi tekrar girmek zorunda kalmaman\u0131z i\u00e7in size kolayl\u0131k sa\u011flamak amac\u0131yla haz\u0131rlanm\u0131\u015ft\u0131r. Bu \u00e7erezler bir y\u0131l s\u00fcreyle ge\u00e7erli olacakt\u0131r.<\/p>&#13;\n&#13;\n<p>Giri\u015f sayfam\u0131z\u0131 ziyaret ederseniz, taray\u0131c\u0131n\u0131z\u0131n \u00e7erezleri kabul edip etmedi\u011fini belirlemek i\u00e7in ge\u00e7ici bir \u00e7erez ayarlayaca\u011f\u0131z. Bu \u00e7erez hi\u00e7bir ki\u015fisel veri i\u00e7ermez ve taray\u0131c\u0131n\u0131z\u0131 kapatt\u0131\u011f\u0131n\u0131zda silinir.<\/p>&#13;\n&#13;\n<p>Giri\u015f yapt\u0131\u011f\u0131n\u0131zda, giri\u015f bilgilerinizi ve ekran g\u00f6r\u00fcnt\u00fcleme tercihlerinizi kaydetmek i\u00e7in birka\u00e7 \u00e7erez de ayarlayaca\u011f\u0131z. Giri\u015f \u00e7erezleri iki g\u00fcn, ekran se\u00e7enekleri \u00e7erezleri ise bir y\u0131l s\u00fcreyle saklan\u0131r. \u201cBeni hat\u0131rla\u201d se\u00e7ene\u011fini se\u00e7erseniz, giri\u015f bilgileriniz iki hafta boyunca saklanacakt\u0131r. Hesab\u0131n\u0131zdan \u00e7\u0131k\u0131\u015f yaparsan\u0131z, oturum a\u00e7ma \u00e7erezleri silinecektir.<\/p>&#13;\n&#13;\n<p>Bir makaleyi d\u00fczenlerseniz veya yay\u0131nlarsan\u0131z, taray\u0131c\u0131n\u0131za ek bir \u00e7erez kaydedilecektir. Bu \u00e7erez hi\u00e7bir ki\u015fisel veri i\u00e7ermez ve sadece d\u00fczenledi\u011finiz makalenin g\u00f6nderi kimli\u011fini g\u00f6sterir. 1 g\u00fcn sonra ge\u00e7erlili\u011fi sona erer.<\/p>&#13;\n&#13;\n<h2 class=\"wp-block-heading\">Di\u011fer web sitelerinden g\u00f6m\u00fcl\u00fc i\u00e7erik<\/h2>&#13;\n&#13;\n<p>\u00d6nerilen metin: Bu sitedeki makaleler g\u00f6m\u00fcl\u00fc i\u00e7erik (\u00f6r. videolar, resimler, makaleler vb.) i\u00e7erebilir. Di\u011fer web sitelerinden g\u00f6m\u00fcl\u00fc i\u00e7erik, ziyaret\u00e7inin di\u011fer web sitesini ziyaret etmi\u015f gibi ayn\u0131 \u015fekilde davran\u0131r.<\/p>&#13;\n&#13;\n<p>Bu web siteleri hakk\u0131n\u0131zda veri toplayabilir, \u00e7erezler kullanabilir, ek \u00fc\u00e7\u00fcnc\u00fc taraf izleme ara\u00e7lar\u0131 yerle\u015ftirebilir ve yerle\u015ftirilen i\u00e7erikle etkile\u015fiminizi izleyebilir. Bu, bir hesab\u0131n\u0131z varsa ve o web sitesinde oturum a\u00e7m\u0131\u015fsan\u0131z, yerle\u015ftirilen i\u00e7erikle etkile\u015fiminizi izlemeyi de i\u00e7erir.<\/p>&#13;\n&#13;\n<h2 class=\"wp-block-heading\">Verilerinizi kimlerle payla\u015f\u0131yoruz<\/h2>&#13;\n&#13;\n<p>\u00d6nerilen metin: \u015eifre s\u0131f\u0131rlama talebinde bulunursan\u0131z, IP adresiniz s\u0131f\u0131rlama e-postas\u0131na eklenecektir.<\/p>&#13;\n&#13;\n<h2 class=\"wp-block-heading\">Verilerinizi ne kadar s\u00fcreyle sakl\u0131yoruz<\/h2>&#13;\n&#13;\n<p>\u00d6nerilen metin: Yorum b\u0131rak\u0131rsan\u0131z, yorum ve meta verileri s\u00fcresiz olarak saklan\u0131r. B\u00f6ylelikle, takip eden yorumlar\u0131 moderasyon kuyru\u011funda bekletmek yerine otomatik olarak tan\u0131y\u0131p onaylayabiliriz.<\/p>&#13;\n&#13;\n<p>Web sitemize kay\u0131t olan kullan\u0131c\u0131lar i\u00e7in (varsa), kullan\u0131c\u0131 profillerinde sa\u011flad\u0131klar\u0131 ki\u015fisel bilgileri de sakl\u0131yoruz. T\u00fcm kullan\u0131c\u0131lar, ki\u015fisel bilgilerini istedikleri zaman g\u00f6r\u00fcnt\u00fcleyebilir, d\u00fczenleyebilir veya silebilir (kullan\u0131c\u0131 adlar\u0131n\u0131 de\u011fi\u015ftiremezler). Web sitesi y\u00f6neticileri de bu bilgileri g\u00f6rebilir ve d\u00fczenleyebilir.<\/p>&#13;\n&#13;\n<h2 class=\"wp-block-heading\">Verileriniz \u00fczerinde sahip oldu\u011funuz haklar<\/h2>&#13;\n&#13;\n<p>\u00d6nerilen metin: Bu sitede bir hesab\u0131n\u0131z varsa veya yorum b\u0131rakt\u0131ysan\u0131z, bize sa\u011flad\u0131\u011f\u0131n\u0131z t\u00fcm veriler dahil olmak \u00fczere, hakk\u0131n\u0131zda tuttu\u011fumuz ki\u015fisel verilerin d\u0131\u015fa aktar\u0131lm\u0131\u015f bir dosyas\u0131n\u0131 almay\u0131 talep edebilirsiniz. Ayr\u0131ca, hakk\u0131n\u0131zda tuttu\u011fumuz t\u00fcm ki\u015fisel verilerin silinmesini talep edebilirsiniz. Bu, idari, yasal veya g\u00fcvenlik ama\u00e7lar\u0131 i\u00e7in saklamakla y\u00fck\u00fcml\u00fc oldu\u011fumuz verileri i\u00e7ermez.<\/p>&#13;\n&#13;\n<h2 class=\"wp-block-heading\">Verilerinizi nereye g\u00f6ndeririz<\/h2>&#13;\n&#13;\n<p>\u00d6nerilen metin: Ziyaret\u00e7i yorumlar\u0131 otomatik spam alg\u0131lama hizmeti arac\u0131l\u0131\u011f\u0131yla kontrol edilebilir.<\/p>&#13;\n","protected":false},"excerpt":{"rendered":"<p>&#13; Biz kimiz &#13; &#13; \u00d6nerilen metin: Web sitemizin adresi: https:\/\/travelerwp.com\/ &#13; &#13; Yorumlar &#13; &#13; \u00d6nerilen metin: Ziyaret\u00e7iler siteye yorum b\u0131rakt\u0131klar\u0131nda, yorum formunda g\u00f6sterilen verileri ve ayr\u0131ca spam tespitine yard\u0131mc\u0131 olmak i\u00e7in ziyaret\u00e7inin IP adresini ve taray\u0131c\u0131 kullan\u0131c\u0131 ajan\u0131 dizesini toplar\u0131z. &#13; &#13; E-posta adresinizden olu\u015fturulan anonim bir dize (hash olarak da adland\u0131r\u0131l\u0131r) Gravatar [&hellip;]<\/p>\n","protected":false},"author":1,"featured_media":0,"parent":0,"menu_order":0,"comment_status":"closed","ping_status":"open","template":"","meta":{"footnotes":""},"class_list":["post-15135","page","type-page","status-publish","has-post-thumbnail","hentry"],"_links":{"self":[{"href":"https:\/\/www.gotourtransfer.com\/tr\/wp-json\/wp\/v2\/pages\/15135","targetHints":{"allow":["GET"]}}],"collection":[{"href":"https:\/\/www.gotourtransfer.com\/tr\/wp-json\/wp\/v2\/pages"}],"about":[{"href":"https:\/\/www.gotourtransfer.com\/tr\/wp-json\/wp\/v2\/types\/page"}],"author":[{"embeddable":true,"href":"https:\/\/www.gotourtransfer.com\/tr\/wp-json\/wp\/v2\/users\/1"}],"replies":[{"embeddable":true,"href":"https:\/\/www.gotourtransfer.com\/tr\/wp-json\/wp\/v2\/comments?post=15135"}],"version-history":[{"count":1,"href":"https:\/\/www.gotourtransfer.com\/tr\/wp-json\/wp\/v2\/pages\/15135\/revisions"}],"predecessor-version":[{"id":15136,"href":"https:\/\/www.gotourtransfer.com\/tr\/wp-json\/wp\/v2\/pages\/15135\/revisions\/15136"}],"wp:attachment":[{"href":"https:\/\/www.gotourtransfer.com\/tr\/wp-json\/wp\/v2\/media?parent=15135"}],"curies":[{"name":"wp","href":"https:\/\/api.w.org\/{rel}","templated":true}]}}