{"id":14884,"date":"2022-04-16T23:51:28","date_gmt":"2022-04-16T23:51:28","guid":{"rendered":"https:\/\/www.gotourtransfer.com\/hakkimizda\/"},"modified":"2025-12-16T13:06:00","modified_gmt":"2025-12-16T13:06:00","slug":"hakkimizda","status":"publish","type":"page","link":"https:\/\/www.gotourtransfer.com\/tr\/hakkimizda\/","title":{"rendered":"Hakk\u0131m\u0131zda"},"content":{"rendered":"\t\t<div data-elementor-type=\"wp-page\" data-elementor-id=\"14884\" class=\"elementor elementor-14884 elementor-807\">\n\t\t\t\t\t\t<section class=\"elementor-section elementor-top-section elementor-element elementor-element-1e2f5304 elementor-section-boxed elementor-section-height-default elementor-section-height-default\" data-id=\"1e2f5304\" data-element_type=\"section\" data-e-type=\"section\">\n\t\t\t\t\t\t<div class=\"elementor-container elementor-column-gap-default\">\n\t\t\t\t\t<div class=\"elementor-column elementor-col-100 elementor-top-column elementor-element elementor-element-6aae9b20\" data-id=\"6aae9b20\" data-element_type=\"column\" data-e-type=\"column\">\n\t\t\t<div class=\"elementor-widget-wrap elementor-element-populated\">\n\t\t\t\t\t\t<div class=\"elementor-element elementor-element-4bbaade elementor-widget elementor-widget-heading\" data-id=\"4bbaade\" data-element_type=\"widget\" data-e-type=\"widget\" data-widget_type=\"heading.default\">\n\t\t\t\t<div class=\"elementor-widget-container\">\n\t\t\t\t\t<h2 class=\"elementor-heading-title elementor-size-default\">Go Tour Transfer \u2013 Alanya &amp; Antalya<\/h2>\t\t\t\t<\/div>\n\t\t\t\t<\/div>\n\t\t\t\t<div class=\"elementor-element elementor-element-add0d1b elementor-widget elementor-widget-text-editor\" data-id=\"add0d1b\" data-element_type=\"widget\" data-e-type=\"widget\" data-widget_type=\"text-editor.default\">\n\t\t\t\t<div class=\"elementor-widget-container\">\n\t\t\t\t\t\t\t\t\t<p data-start=\"176\" data-end=\"239\">\ud83d\ude97 Antalya B\u00f6lgesinde G\u00fcvenli, Konforlu ve G\u00fcvenilir Transferler<\/p><p data-start=\"241\" data-end=\"582\">Go Tour Transfer, Alanya merkezli profesyonel bir transfer ve tur \u015firketidir ve Antalya ve \u00e7evresinde y\u00fcksek kaliteli ula\u015f\u0131m hizmetleri sunmaktad\u0131r. Havaalan\u0131 transferleri, \u00f6zel turlar, otel transferleri ve VIP ula\u015f\u0131m hizmetlerinde uzmanla\u015fm\u0131\u015f olup, her misafirimize sorunsuz ve stressiz bir seyahat deneyimi sunmaktay\u0131z. <\/p><p data-start=\"584\" data-end=\"853\">\u00d6deme Modal\u0131 Ba\u015far\u0131l\u0131\u2708\ufe0f Havaalan\u0131 Transferleri<br data-start=\"608\" data-end=\"611\">Antalya Havaliman\u0131 (AYT) ve Gazipa\u015fa Havaliman\u0131 (GZP) ile Alanya, Side, Belek, Kemer ve t\u00fcm yak\u0131n destinasyonlar aras\u0131nda g\u00fcvenilir transferler sunuyoruz. \u015eof\u00f6rlerimiz, gecikmeler durumunda bile zaman\u0131nda kar\u015f\u0131lama sa\u011flamak i\u00e7in u\u00e7u\u015funuzu ger\u00e7ek zamanl\u0131 olarak takip eder. <\/p><p data-start=\"855\" data-end=\"1094\">\ud83c\udf34 \u00d6zel Turlar ve Geziler<br data-start=\"888\" data-end=\"891\">\u015eehir turlar\u0131, yat gezileri, do\u011fa gezileri ve k\u00fclt\u00fcrel deneyimler dahil olmak \u00fczere, size \u00f6zel haz\u0131rlanm\u0131\u015f \u00f6zel turlar\u0131m\u0131zla Antalya&#8217;n\u0131n g\u00fczelli\u011fini ke\u015ffedin. Konfor ve esneklikle kendi temponuzda seyahat edin. <\/p><p data-start=\"1096\" data-end=\"1318\">\ud83d\ude98 Modern ve Konforlu Ara\u00e7lar<br data-start=\"1132\" data-end=\"1135\">Filomuz, deneyimli ve profesyonel s\u00fcr\u00fcc\u00fcler taraf\u0131ndan s\u00fcr\u00fclen temiz, modern ve klimal\u0131 ara\u00e7lardan olu\u015fmaktad\u0131r. G\u00fcvenlik, hijyen ve m\u00fc\u015fteri konforu her zaman bizim i\u00e7in en \u00f6nemli \u00f6nceliktir. <\/p>\t\t\t\t\t\t\t\t<\/div>\n\t\t\t\t<\/div>\n\t\t\t\t\t<\/div>\n\t\t<\/div>\n\t\t\t\t\t<\/div>\n\t\t<\/section>\n\t\t\t\t<section class=\"elementor-section elementor-top-section elementor-element elementor-element-6a5a94e3 elementor-section-boxed elementor-section-height-default elementor-section-height-default\" data-id=\"6a5a94e3\" data-element_type=\"section\" data-e-type=\"section\">\n\t\t\t\t\t\t<div class=\"elementor-container elementor-column-gap-default\">\n\t\t\t\t\t<div class=\"elementor-column elementor-col-100 elementor-top-column elementor-element elementor-element-52410987\" data-id=\"52410987\" data-element_type=\"column\" data-e-type=\"column\">\n\t\t\t<div class=\"elementor-widget-wrap elementor-element-populated\">\n\t\t\t\t\t\t<div class=\"elementor-element elementor-element-54e053c2 elementor-widget elementor-widget-heading\" data-id=\"54e053c2\" data-element_type=\"widget\" data-e-type=\"widget\" data-widget_type=\"heading.default\">\n\t\t\t\t<div class=\"elementor-widget-container\">\n\t\t\t\t\t<h2 class=\"elementor-heading-title elementor-size-default\">\ud83d\udcac Neden Go Tour Transfer'i Se\u00e7melisiniz?<\/h2>\t\t\t\t<\/div>\n\t\t\t\t<\/div>\n\t\t\t\t<div class=\"elementor-element elementor-element-1272661 elementor-widget elementor-widget-text-editor\" data-id=\"1272661\" data-element_type=\"widget\" data-e-type=\"widget\" data-widget_type=\"text-editor.default\">\n\t\t\t\t<div class=\"elementor-widget-container\">\n\t\t\t\t\t\t\t\t\t<ul><li data-start=\"1356\" data-end=\"1381\"><p data-start=\"1358\" data-end=\"1381\">7\/24 m\u00fc\u015fteri deste\u011fi<\/p><\/li><li data-start=\"1382\" data-end=\"1413\"><p data-start=\"1384\" data-end=\"1413\">Sabit ve \u015feffaf fiyatland\u0131rma<\/p><\/li><li data-start=\"1414\" data-end=\"1432\"><p data-start=\"1416\" data-end=\"1432\">Gizli \u00fccret yok<\/p><\/li><li data-start=\"1433\" data-end=\"1461\"><p data-start=\"1435\" data-end=\"1461\">\u0130ngilizce hizmet<\/p><\/li><li data-start=\"1462\" data-end=\"1494\"><p data-start=\"1464\" data-end=\"1494\">Zaman\u0131nda ve g\u00fcvenilir transferler<\/p><p data-start=\"1496\" data-end=\"1666\">\u0130ster tatil, ister i\u015f veya \u00f6zel g\u00fcnler i\u00e7in seyahat ediyor olun, Go Tour Transfer Antalya&#8217;da konforlu ve g\u00fcvenli ula\u015f\u0131m i\u00e7in g\u00fcvenilir orta\u011f\u0131n\u0131zd\u0131r.<\/p><p data-start=\"1668\" data-end=\"1727\">\u2728 G\u00fcvenle seyahat edin. Go Tour Transfer ile seyahat edin.<\/p><\/li><\/ul>\t\t\t\t\t\t\t\t<\/div>\n\t\t\t\t<\/div>\n\t\t\t\t\t<\/div>\n\t\t<\/div>\n\t\t\t\t\t<\/div>\n\t\t<\/section>\n\t\t\t\t<section class=\"elementor-section elementor-top-section elementor-element elementor-element-3f140f7e elementor-hidden-desktop elementor-hidden-laptop elementor-hidden-tablet_extra elementor-hidden-tablet elementor-hidden-mobile elementor-section-boxed elementor-section-height-default elementor-section-height-default\" data-id=\"3f140f7e\" data-element_type=\"section\" data-e-type=\"section\" data-settings=\"{&quot;background_background&quot;:&quot;classic&quot;}\">\n\t\t\t\t\t\t<div class=\"elementor-container elementor-column-gap-default\">\n\t\t\t\t\t<div class=\"elementor-column elementor-col-100 elementor-top-column elementor-element elementor-element-19e07eda\" data-id=\"19e07eda\" data-element_type=\"column\" data-e-type=\"column\">\n\t\t\t<div class=\"elementor-widget-wrap elementor-element-populated\">\n\t\t\t\t\t\t<div class=\"elementor-element elementor-element-393379d9 elementor-widget elementor-widget-heading\" data-id=\"393379d9\" data-element_type=\"widget\" data-e-type=\"widget\" data-widget_type=\"heading.default\">\n\t\t\t\t<div class=\"elementor-widget-container\">\n\t\t\t\t\t<h2 class=\"elementor-heading-title elementor-size-default\">M\u00fc\u015fterilerimizin g\u00f6r\u00fc\u015fleri<\/h2>\t\t\t\t<\/div>\n\t\t\t\t<\/div>\n\t\t\t\t<div class=\"elementor-element elementor-element-5284cf5f elementor-widget elementor-widget-st_testimonial\" data-id=\"5284cf5f\" data-element_type=\"widget\" data-e-type=\"widget\" data-settings=\"{&quot;slides_per_view&quot;:&quot;2&quot;}\" data-widget_type=\"st_testimonial.default\">\n\t\t\t\t<div class=\"elementor-widget-container\">\n\t\t\t\t\t<div class=\"st-testimonial-modern-slider\">\r\n    <div class=\"st-testimonial\" data-effect=\"creative\" data-slides-per-view=\"2\" data-pagination=\"on\" data-navigation=\"on\" data-auto-play=\"off\" data-loop=\"true\" data-delay=\"\">\r\n        <div class=\"service-testimonial-wrapper swiper-container\">\r\n\t\t\t<div class=\"swiper-wrapper\">\r\n                            <div class=\"swiper-slide\">\r\n                    <div class=\"item\">\r\n\r\n                        \r\n                        <p class=\"st-content st-content-lib\">\r\n                            \u201cLorem ipsum dolor sit amet, consectetur adipiscing elit. Massa amet condimentum in pretium. Montes tristique amet pellentesque ut fames condimentum.\u201d                        <\/p>\r\n                        <div class=\"author-meta author-meta-lib\">\r\n                                                                    <i class=\"review-testimonial stt-icon-star1\"><\/i>\r\n                                                                            <i class=\"review-testimonial stt-icon-star1\"><\/i>\r\n                                                                            <i class=\"review-testimonial stt-icon-star1\"><\/i>\r\n                                                                            <i class=\"review-testimonial stt-icon-star1\"><\/i>\r\n                                                                            <i class=\"review-testimonial stt-icon-star1\"><\/i>\r\n                                                                                                    <h4 class=\"name\">Darlene Robertson<\/h4>\r\n                                \r\n                                                                <p class=\"office-testimonial office-testimonial-lib\">Customers in U.S.A<\/p>\r\n                                \r\n                        <\/div>\r\n                    <\/div>\r\n                <\/div>\r\n                            <div class=\"swiper-slide\">\r\n                    <div class=\"item\">\r\n\r\n                        \r\n                        <p class=\"st-content st-content-lib\">\r\n                            \u201cLorem ipsum dolor sit amet, consectetur adipiscing elit. Massa amet condimentum in pretium. Montes tristique amet pellentesque ut fames condimentum.\u201d                        <\/p>\r\n                        <div class=\"author-meta author-meta-lib\">\r\n                                                                    <i class=\"review-testimonial stt-icon-star1\"><\/i>\r\n                                                                            <i class=\"review-testimonial stt-icon-star1\"><\/i>\r\n                                                                            <i class=\"review-testimonial stt-icon-star1\"><\/i>\r\n                                                                            <i class=\"review-testimonial stt-icon-star1\"><\/i>\r\n                                                                            <i class=\"review-testimonial stt-icon-star1\"><\/i>\r\n                                                                                                    <h4 class=\"name\">Darlene Robertson<\/h4>\r\n                                \r\n                                                                <p class=\"office-testimonial office-testimonial-lib\">Customers in U.S.A<\/p>\r\n                                \r\n                        <\/div>\r\n                    <\/div>\r\n                <\/div>\r\n                            <div class=\"swiper-slide\">\r\n                    <div class=\"item\">\r\n\r\n                        \r\n                        <p class=\"st-content st-content-lib\">\r\n                            \u201cLorem ipsum dolor sit amet, consectetur adipiscing elit. Massa amet condimentum in pretium. Montes tristique amet pellentesque ut fames condimentum.\u201d                        <\/p>\r\n                        <div class=\"author-meta author-meta-lib\">\r\n                                                                    <i class=\"review-testimonial stt-icon-star1\"><\/i>\r\n                                                                            <i class=\"review-testimonial stt-icon-star1\"><\/i>\r\n                                                                            <i class=\"review-testimonial stt-icon-star1\"><\/i>\r\n                                                                            <i class=\"review-testimonial stt-icon-star1\"><\/i>\r\n                                                                            <i class=\"review-testimonial stt-icon-star1\"><\/i>\r\n                                                                                                    <h4 class=\"name\">Darlene Robertson<\/h4>\r\n                                \r\n                                                                <p class=\"office-testimonial office-testimonial-lib\">Customers in U.S.A<\/p>\r\n                                \r\n                        <\/div>\r\n                    <\/div>\r\n                <\/div>\r\n                            <div class=\"swiper-slide\">\r\n                    <div class=\"item\">\r\n\r\n                        \r\n                        <p class=\"st-content st-content-lib\">\r\n                            \u201cLorem ipsum dolor sit amet, consectetur adipiscing elit. Massa amet condimentum in pretium. Montes tristique amet pellentesque ut fames condimentum.\u201d                        <\/p>\r\n                        <div class=\"author-meta author-meta-lib\">\r\n                                                                    <i class=\"review-testimonial stt-icon-star1\"><\/i>\r\n                                                                            <i class=\"review-testimonial stt-icon-star1\"><\/i>\r\n                                                                            <i class=\"review-testimonial stt-icon-star1\"><\/i>\r\n                                                                            <i class=\"review-testimonial stt-icon-star1\"><\/i>\r\n                                                                            <i class=\"review-testimonial stt-icon-star1\"><\/i>\r\n                                                                                                    <h4 class=\"name\">Darlene Robertson<\/h4>\r\n                                \r\n                                                                <p class=\"office-testimonial office-testimonial-lib\">Customers in U.S.A<\/p>\r\n                                \r\n                        <\/div>\r\n                    <\/div>\r\n                <\/div>\r\n            \t\t\t<\/div>\r\n        <\/div>\r\n\t\t\t\t<div class=\"swiper-pagination\"><\/div>\r\n\t\t\t\t\t<div class=\"st-button-prev\"><span class=\"stt-icon stt-icon-arrow-left\"><\/span><\/div><div class=\"st-button-next\"><span class=\"stt-icon stt-icon-arrow-right\"><\/span><\/div>\r\n\t\t    <\/div>\r\n<\/div>\r\n\r\n\r\n\t\t\t\t<\/div>\n\t\t\t\t<\/div>\n\t\t\t\t\t<\/div>\n\t\t<\/div>\n\t\t\t\t\t<\/div>\n\t\t<\/section>\n\t\t\t\t<\/div>\n\t\t","protected":false},"excerpt":{"rendered":"<p>Go Tour Transfer \u2013 Alanya &amp; Antalya \ud83d\ude97 Antalya B\u00f6lgesinde G\u00fcvenli, Konforlu ve G\u00fcvenilir Transferler Go Tour Transfer, Alanya merkezli profesyonel bir transfer ve tur \u015firketidir ve Antalya ve \u00e7evresinde y\u00fcksek kaliteli ula\u015f\u0131m hizmetleri sunmaktad\u0131r. Havaalan\u0131 transferleri, \u00f6zel turlar, otel transferleri ve VIP ula\u015f\u0131m hizmetlerinde uzmanla\u015fm\u0131\u015f olup, her misafirimize sorunsuz ve stressiz bir seyahat deneyimi [&hellip;]<\/p>\n","protected":false},"author":1,"featured_media":14883,"parent":0,"menu_order":0,"comment_status":"closed","ping_status":"closed","template":"template-blank.php","meta":{"footnotes":""},"class_list":["post-14884","page","type-page","status-publish","has-post-thumbnail","hentry"],"_links":{"self":[{"href":"https:\/\/www.gotourtransfer.com\/tr\/wp-json\/wp\/v2\/pages\/14884","targetHints":{"allow":["GET"]}}],"collection":[{"href":"https:\/\/www.gotourtransfer.com\/tr\/wp-json\/wp\/v2\/pages"}],"about":[{"href":"https:\/\/www.gotourtransfer.com\/tr\/wp-json\/wp\/v2\/types\/page"}],"author":[{"embeddable":true,"href":"https:\/\/www.gotourtransfer.com\/tr\/wp-json\/wp\/v2\/users\/1"}],"replies":[{"embeddable":true,"href":"https:\/\/www.gotourtransfer.com\/tr\/wp-json\/wp\/v2\/comments?post=14884"}],"version-history":[{"count":7,"href":"https:\/\/www.gotourtransfer.com\/tr\/wp-json\/wp\/v2\/pages\/14884\/revisions"}],"predecessor-version":[{"id":16120,"href":"https:\/\/www.gotourtransfer.com\/tr\/wp-json\/wp\/v2\/pages\/14884\/revisions\/16120"}],"wp:featuredmedia":[{"embeddable":true,"href":"https:\/\/www.gotourtransfer.com\/tr\/wp-json\/wp\/v2\/media\/14883"}],"wp:attachment":[{"href":"https:\/\/www.gotourtransfer.com\/tr\/wp-json\/wp\/v2\/media?parent=14884"}],"curies":[{"name":"wp","href":"https:\/\/api.w.org\/{rel}","templated":true}]}}