{"id":16005,"date":"2022-04-16T23:51:28","date_gmt":"2022-04-16T23:51:28","guid":{"rendered":"https:\/\/www.gotourtransfer.com\/ueber-uns\/"},"modified":"2025-12-16T08:49:30","modified_gmt":"2025-12-16T08:49:30","slug":"ueber-uns","status":"publish","type":"page","link":"https:\/\/www.gotourtransfer.com\/de\/ueber-uns\/","title":{"rendered":"\u00dcber Uns"},"content":{"rendered":"\t\t<div data-elementor-type=\"wp-page\" data-elementor-id=\"16005\" class=\"elementor elementor-16005 elementor-807\">\n\t\t\t\t\t\t<section class=\"elementor-section elementor-top-section elementor-element elementor-element-1e2f5304 elementor-section-boxed elementor-section-height-default elementor-section-height-default\" data-id=\"1e2f5304\" data-element_type=\"section\" data-e-type=\"section\">\n\t\t\t\t\t\t<div class=\"elementor-container elementor-column-gap-default\">\n\t\t\t\t\t<div class=\"elementor-column elementor-col-100 elementor-top-column elementor-element elementor-element-6aae9b20\" data-id=\"6aae9b20\" data-element_type=\"column\" data-e-type=\"column\">\n\t\t\t<div class=\"elementor-widget-wrap elementor-element-populated\">\n\t\t\t\t\t\t<div class=\"elementor-element elementor-element-4bbaade elementor-widget elementor-widget-heading\" data-id=\"4bbaade\" data-element_type=\"widget\" data-e-type=\"widget\" data-widget_type=\"heading.default\">\n\t\t\t\t<div class=\"elementor-widget-container\">\n\t\t\t\t\t<h2 class=\"elementor-heading-title elementor-size-default\">Go Tour Transfer \u2013 Alanya &amp; Antalya<\/h2>\t\t\t\t<\/div>\n\t\t\t\t<\/div>\n\t\t\t\t<div class=\"elementor-element elementor-element-add0d1b elementor-widget elementor-widget-text-editor\" data-id=\"add0d1b\" data-element_type=\"widget\" data-e-type=\"widget\" data-widget_type=\"text-editor.default\">\n\t\t\t\t<div class=\"elementor-widget-container\">\n\t\t\t\t\t\t\t\t\t<p data-start=\"176\" data-end=\"239\">\ud83d\ude97 Sichere, komfortable &amp; zuverl\u00e4ssige Transfers in der Region Antalya<\/p><p data-start=\"241\" data-end=\"582\">Go Tour Transfer ist ein professionelles Transfer- und Reiseunternehmen mit Sitz in Alanya und bietet hochwertige Transportdienstleistungen in Antalya und den umliegenden Regionen an.<br>Wir sind spezialisiert auf Flughafentransfers, private Touren, Hoteltransfers sowie VIP-Transporte und sorgen f\u00fcr eine komfortable, sichere und stressfreie Reise f\u00fcr jeden Gast. <\/p><p data-start=\"584\" data-end=\"853\">\u2708\ufe0f Flughafentransfers<br data-start=\"608\" data-end=\"611\">Wir bieten zuverl\u00e4ssige Transfers vom Flughafen Antalya (AYT) und Flughafen Gazipa\u015fa (GZP) nach Alanya, Side, Belek, Kemer sowie zu allen nahegelegenen Zielen an.<br>Unsere Fahrer verfolgen Ihren Flug in Echtzeit und garantieren eine p\u00fcnktliche Abholung, auch bei Versp\u00e4tungen. <\/p><p data-start=\"855\" data-end=\"1094\">\ud83c\udf34 Private Touren &amp; Ausfl\u00fcge<br data-start=\"888\" data-end=\"891\">Entdecken Sie die Sch\u00f6nheit von Antalya mit unseren individuell gestalteten privaten Touren \u2013 darunter Stadtrundfahrten, Yachttouren, Naturausfl\u00fcge und kulturelle Erlebnisse.<br>Reisen Sie in Ihrem eigenen Tempo und genie\u00dfen Sie Komfort, Flexibilit\u00e4t und pers\u00f6nlichen Service. <\/p><p data-start=\"1096\" data-end=\"1318\">\ud83d\ude98 Moderne &amp; komfortable Fahrzeuge<br data-start=\"1132\" data-end=\"1135\">Unsere Fahrzeugflotte besteht aus sauberen, modernen und klimatisierten Fahrzeugen, die von erfahrenen und professionellen Fahrern gesteuert werden.<br>Sicherheit, Hygiene und der Komfort unserer Kunden stehen bei uns stets an erster Stelle. <\/p>\t\t\t\t\t\t\t\t<\/div>\n\t\t\t\t<\/div>\n\t\t\t\t\t<\/div>\n\t\t<\/div>\n\t\t\t\t\t<\/div>\n\t\t<\/section>\n\t\t\t\t<section class=\"elementor-section elementor-top-section elementor-element elementor-element-6a5a94e3 elementor-section-boxed elementor-section-height-default elementor-section-height-default\" data-id=\"6a5a94e3\" data-element_type=\"section\" data-e-type=\"section\">\n\t\t\t\t\t\t<div class=\"elementor-container elementor-column-gap-default\">\n\t\t\t\t\t<div class=\"elementor-column elementor-col-100 elementor-top-column elementor-element elementor-element-52410987\" data-id=\"52410987\" data-element_type=\"column\" data-e-type=\"column\">\n\t\t\t<div class=\"elementor-widget-wrap elementor-element-populated\">\n\t\t\t\t\t\t<div class=\"elementor-element elementor-element-54e053c2 elementor-widget elementor-widget-heading\" data-id=\"54e053c2\" data-element_type=\"widget\" data-e-type=\"widget\" data-widget_type=\"heading.default\">\n\t\t\t\t<div class=\"elementor-widget-container\">\n\t\t\t\t\t<h2 class=\"elementor-heading-title elementor-size-default\">\ud83d\udcac Warum Go Tour Transfer w\u00e4hlen?<\/h2>\t\t\t\t<\/div>\n\t\t\t\t<\/div>\n\t\t\t\t<div class=\"elementor-element elementor-element-1272661 elementor-widget elementor-widget-text-editor\" data-id=\"1272661\" data-element_type=\"widget\" data-e-type=\"widget\" data-widget_type=\"text-editor.default\">\n\t\t\t\t<div class=\"elementor-widget-container\">\n\t\t\t\t\t\t\t\t\t<ul><li data-start=\"1356\" data-end=\"1381\"><p data-start=\"1358\" data-end=\"1381\">Kundensupport rund um die Uhr (24\/7)<\/p><\/li><li data-start=\"1382\" data-end=\"1413\"><p data-start=\"1384\" data-end=\"1413\">Festpreise &amp; transparente Preise<\/p><\/li><li data-start=\"1414\" data-end=\"1432\"><p data-start=\"1416\" data-end=\"1432\">Keine versteckten Kosten<\/p><\/li><li data-start=\"1433\" data-end=\"1461\"><p data-start=\"1435\" data-end=\"1461\">Englischsprachiger Service<\/p><\/li><li data-start=\"1462\" data-end=\"1494\"><p data-start=\"1464\" data-end=\"1494\">P\u00fcnktliche &amp; zuverl\u00e4ssige Transfers<\/p><p data-start=\"1496\" data-end=\"1666\">Egal, ob Sie f\u00fcr Urlaub, gesch\u00e4ftliche Reisen oder besondere Anl\u00e4sse unterwegs sind \u2013 Go Tour Transfer ist Ihr zuverl\u00e4ssiger Partner f\u00fcr komfortable und sichere Transporte in der Region Antalya.<\/p><p data-start=\"1668\" data-end=\"1727\">\u2728 Reisen Sie mit Vertrauen. Reisen Sie mit Go Tour Transfer.<\/p><\/li><\/ul>\t\t\t\t\t\t\t\t<\/div>\n\t\t\t\t<\/div>\n\t\t\t\t\t<\/div>\n\t\t<\/div>\n\t\t\t\t\t<\/div>\n\t\t<\/section>\n\t\t\t\t<section class=\"elementor-section elementor-top-section elementor-element elementor-element-3f140f7e elementor-hidden-desktop elementor-hidden-laptop elementor-hidden-tablet_extra elementor-hidden-tablet elementor-hidden-mobile elementor-section-boxed elementor-section-height-default elementor-section-height-default\" data-id=\"3f140f7e\" data-element_type=\"section\" data-e-type=\"section\" data-settings=\"{&quot;background_background&quot;:&quot;classic&quot;}\">\n\t\t\t\t\t\t<div class=\"elementor-container elementor-column-gap-default\">\n\t\t\t\t\t<div class=\"elementor-column elementor-col-100 elementor-top-column elementor-element elementor-element-19e07eda\" data-id=\"19e07eda\" data-element_type=\"column\" data-e-type=\"column\">\n\t\t\t<div class=\"elementor-widget-wrap elementor-element-populated\">\n\t\t\t\t\t\t<div class=\"elementor-element elementor-element-393379d9 elementor-widget elementor-widget-heading\" data-id=\"393379d9\" data-element_type=\"widget\" data-e-type=\"widget\" data-widget_type=\"heading.default\">\n\t\t\t\t<div class=\"elementor-widget-container\">\n\t\t\t\t\t<h2 class=\"elementor-heading-title elementor-size-default\">\ud83d\udde3 Was unsere Kunden sagen<\/h2>\t\t\t\t<\/div>\n\t\t\t\t<\/div>\n\t\t\t\t<div class=\"elementor-element elementor-element-5284cf5f elementor-widget elementor-widget-st_testimonial\" data-id=\"5284cf5f\" data-element_type=\"widget\" data-e-type=\"widget\" data-settings=\"{&quot;slides_per_view&quot;:&quot;2&quot;}\" data-widget_type=\"st_testimonial.default\">\n\t\t\t\t<div class=\"elementor-widget-container\">\n\t\t\t\t\t<div class=\"st-testimonial-modern-slider\">\r\n    <div class=\"st-testimonial\" data-effect=\"creative\" data-slides-per-view=\"2\" data-pagination=\"on\" data-navigation=\"on\" data-auto-play=\"off\" data-loop=\"true\" data-delay=\"\">\r\n        <div class=\"service-testimonial-wrapper swiper-container\">\r\n\t\t\t<div class=\"swiper-wrapper\">\r\n                            <div class=\"swiper-slide\">\r\n                    <div class=\"item\">\r\n\r\n                        \r\n                        <p class=\"st-content st-content-lib\">\r\n                            \u201cLorem ipsum dolor sit amet, consectetur adipiscing elit. Massa amet condimentum in pretium. Montes tristique amet pellentesque ut fames condimentum.\u201d                        <\/p>\r\n                        <div class=\"author-meta author-meta-lib\">\r\n                                                                    <i class=\"review-testimonial stt-icon-star1\"><\/i>\r\n                                                                            <i class=\"review-testimonial stt-icon-star1\"><\/i>\r\n                                                                            <i class=\"review-testimonial stt-icon-star1\"><\/i>\r\n                                                                            <i class=\"review-testimonial stt-icon-star1\"><\/i>\r\n                                                                            <i class=\"review-testimonial stt-icon-star1\"><\/i>\r\n                                                                                                    <h4 class=\"name\">Darlene Robertson<\/h4>\r\n                                \r\n                                                                <p class=\"office-testimonial office-testimonial-lib\">Customers in U.S.A<\/p>\r\n                                \r\n                        <\/div>\r\n                    <\/div>\r\n                <\/div>\r\n                            <div class=\"swiper-slide\">\r\n                    <div class=\"item\">\r\n\r\n                        \r\n                        <p class=\"st-content st-content-lib\">\r\n                            \u201cLorem ipsum dolor sit amet, consectetur adipiscing elit. Massa amet condimentum in pretium. Montes tristique amet pellentesque ut fames condimentum.\u201d                        <\/p>\r\n                        <div class=\"author-meta author-meta-lib\">\r\n                                                                    <i class=\"review-testimonial stt-icon-star1\"><\/i>\r\n                                                                            <i class=\"review-testimonial stt-icon-star1\"><\/i>\r\n                                                                            <i class=\"review-testimonial stt-icon-star1\"><\/i>\r\n                                                                            <i class=\"review-testimonial stt-icon-star1\"><\/i>\r\n                                                                            <i class=\"review-testimonial stt-icon-star1\"><\/i>\r\n                                                                                                    <h4 class=\"name\">Darlene Robertson<\/h4>\r\n                                \r\n                                                                <p class=\"office-testimonial office-testimonial-lib\">Customers in U.S.A<\/p>\r\n                                \r\n                        <\/div>\r\n                    <\/div>\r\n                <\/div>\r\n                            <div class=\"swiper-slide\">\r\n                    <div class=\"item\">\r\n\r\n                        \r\n                        <p class=\"st-content st-content-lib\">\r\n                            \u201cLorem ipsum dolor sit amet, consectetur adipiscing elit. Massa amet condimentum in pretium. Montes tristique amet pellentesque ut fames condimentum.\u201d                        <\/p>\r\n                        <div class=\"author-meta author-meta-lib\">\r\n                                                                    <i class=\"review-testimonial stt-icon-star1\"><\/i>\r\n                                                                            <i class=\"review-testimonial stt-icon-star1\"><\/i>\r\n                                                                            <i class=\"review-testimonial stt-icon-star1\"><\/i>\r\n                                                                            <i class=\"review-testimonial stt-icon-star1\"><\/i>\r\n                                                                            <i class=\"review-testimonial stt-icon-star1\"><\/i>\r\n                                                                                                    <h4 class=\"name\">Darlene Robertson<\/h4>\r\n                                \r\n                                                                <p class=\"office-testimonial office-testimonial-lib\">Customers in U.S.A<\/p>\r\n                                \r\n                        <\/div>\r\n                    <\/div>\r\n                <\/div>\r\n                            <div class=\"swiper-slide\">\r\n                    <div class=\"item\">\r\n\r\n                        \r\n                        <p class=\"st-content st-content-lib\">\r\n                            \u201cLorem ipsum dolor sit amet, consectetur adipiscing elit. Massa amet condimentum in pretium. Montes tristique amet pellentesque ut fames condimentum.\u201d                        <\/p>\r\n                        <div class=\"author-meta author-meta-lib\">\r\n                                                                    <i class=\"review-testimonial stt-icon-star1\"><\/i>\r\n                                                                            <i class=\"review-testimonial stt-icon-star1\"><\/i>\r\n                                                                            <i class=\"review-testimonial stt-icon-star1\"><\/i>\r\n                                                                            <i class=\"review-testimonial stt-icon-star1\"><\/i>\r\n                                                                            <i class=\"review-testimonial stt-icon-star1\"><\/i>\r\n                                                                                                    <h4 class=\"name\">Darlene Robertson<\/h4>\r\n                                \r\n                                                                <p class=\"office-testimonial office-testimonial-lib\">Customers in U.S.A<\/p>\r\n                                \r\n                        <\/div>\r\n                    <\/div>\r\n                <\/div>\r\n            \t\t\t<\/div>\r\n        <\/div>\r\n\t\t\t\t<div class=\"swiper-pagination\"><\/div>\r\n\t\t\t\t\t<div class=\"st-button-prev\"><span class=\"stt-icon stt-icon-arrow-left\"><\/span><\/div><div class=\"st-button-next\"><span class=\"stt-icon stt-icon-arrow-right\"><\/span><\/div>\r\n\t\t    <\/div>\r\n<\/div>\r\n\r\n\r\n\t\t\t\t<\/div>\n\t\t\t\t<\/div>\n\t\t\t\t\t<\/div>\n\t\t<\/div>\n\t\t\t\t\t<\/div>\n\t\t<\/section>\n\t\t\t\t<\/div>\n\t\t","protected":false},"excerpt":{"rendered":"<p>Go Tour Transfer \u2013 Alanya &amp; Antalya \ud83d\ude97 Sichere, komfortable &amp; zuverl\u00e4ssige Transfers in der Region Antalya Go Tour Transfer ist ein professionelles Transfer- und Reiseunternehmen mit Sitz in Alanya und bietet hochwertige Transportdienstleistungen in Antalya und den umliegenden Regionen an.Wir sind spezialisiert auf Flughafentransfers, private Touren, Hoteltransfers sowie VIP-Transporte und sorgen f\u00fcr eine komfortable, [&hellip;]<\/p>\n","protected":false},"author":1,"featured_media":16003,"parent":0,"menu_order":0,"comment_status":"closed","ping_status":"closed","template":"template-blank.php","meta":{"footnotes":""},"class_list":["post-16005","page","type-page","status-publish","has-post-thumbnail","hentry"],"_links":{"self":[{"href":"https:\/\/www.gotourtransfer.com\/de\/wp-json\/wp\/v2\/pages\/16005","targetHints":{"allow":["GET"]}}],"collection":[{"href":"https:\/\/www.gotourtransfer.com\/de\/wp-json\/wp\/v2\/pages"}],"about":[{"href":"https:\/\/www.gotourtransfer.com\/de\/wp-json\/wp\/v2\/types\/page"}],"author":[{"embeddable":true,"href":"https:\/\/www.gotourtransfer.com\/de\/wp-json\/wp\/v2\/users\/1"}],"replies":[{"embeddable":true,"href":"https:\/\/www.gotourtransfer.com\/de\/wp-json\/wp\/v2\/comments?post=16005"}],"version-history":[{"count":1,"href":"https:\/\/www.gotourtransfer.com\/de\/wp-json\/wp\/v2\/pages\/16005\/revisions"}],"predecessor-version":[{"id":16006,"href":"https:\/\/www.gotourtransfer.com\/de\/wp-json\/wp\/v2\/pages\/16005\/revisions\/16006"}],"wp:featuredmedia":[{"embeddable":true,"href":"https:\/\/www.gotourtransfer.com\/de\/wp-json\/wp\/v2\/media\/16003"}],"wp:attachment":[{"href":"https:\/\/www.gotourtransfer.com\/de\/wp-json\/wp\/v2\/media?parent=16005"}],"curies":[{"name":"wp","href":"https:\/\/api.w.org\/{rel}","templated":true}]}}