{"id":16391,"date":"2022-04-16T23:51:28","date_gmt":"2022-04-16T20:51:28","guid":{"rendered":"https:\/\/www.gotourtransfer.com\/o-nama\/"},"modified":"2026-02-18T14:48:19","modified_gmt":"2026-02-18T11:48:19","slug":"o-nama","status":"publish","type":"page","link":"https:\/\/www.gotourtransfer.com\/bs\/o-nama\/","title":{"rendered":"O nama"},"content":{"rendered":"\t\t<div data-elementor-type=\"wp-page\" data-elementor-id=\"16391\" class=\"elementor elementor-16391 elementor-807\">\n\t\t\t\t\t\t<section class=\"elementor-section elementor-top-section elementor-element elementor-element-1e2f5304 elementor-section-boxed elementor-section-height-default elementor-section-height-default\" data-id=\"1e2f5304\" data-element_type=\"section\" data-e-type=\"section\">\n\t\t\t\t\t\t<div class=\"elementor-container elementor-column-gap-default\">\n\t\t\t\t\t<div class=\"elementor-column elementor-col-100 elementor-top-column elementor-element elementor-element-6aae9b20\" data-id=\"6aae9b20\" data-element_type=\"column\" data-e-type=\"column\">\n\t\t\t<div class=\"elementor-widget-wrap elementor-element-populated\">\n\t\t\t\t\t\t<div class=\"elementor-element elementor-element-4bbaade elementor-widget elementor-widget-heading\" data-id=\"4bbaade\" data-element_type=\"widget\" data-e-type=\"widget\" data-widget_type=\"heading.default\">\n\t\t\t\t<div class=\"elementor-widget-container\">\n\t\t\t\t\t<h2 class=\"elementor-heading-title elementor-size-default\">Go Tour Transfer \u2013 Alanya &amp; Antalya<\/h2>\t\t\t\t<\/div>\n\t\t\t\t<\/div>\n\t\t\t\t<div class=\"elementor-element elementor-element-add0d1b elementor-widget elementor-widget-text-editor\" data-id=\"add0d1b\" data-element_type=\"widget\" data-e-type=\"widget\" data-widget_type=\"text-editor.default\">\n\t\t\t\t<div class=\"elementor-widget-container\">\n\t\t\t\t\t\t\t\t\t<p data-start=\"176\" data-end=\"239\">\ud83d\ude97 Sigurni, udobni i pouzdani transferi u regiji Antalije<\/p><p data-start=\"241\" data-end=\"582\">Go Tour Transfer je profesionalna kompanija za transfere i putovanja sa sjedi\u0161tem u Alanji, koja pru\u017ea visokokvalitetne usluge prijevoza \u0161irom Antalije i okolnih regija. Specijalizirani smo za transfere od\/do aerodroma, privatne ture, hotelske transfere i VIP prijevoz, osiguravaju\u0107i nesmetano i bezbri\u017eno putovanje za svakog gosta. <\/p><p data-start=\"584\" data-end=\"853\">\u2708\ufe0f Transferi s aerodroma<br data-start=\"608\" data-end=\"611\">Nudimo pouzdane transfere s aerodroma Antalya (AYT) i aerodroma Gazipa\u015fa (GZP) do Alanje, Sidea, Beleka, Kemera i svih obli\u017enjih destinacija. Na\u0161i voza\u010di prate va\u0161 let u stvarnom vremenu kako bi osigurali pravovremeno preuzimanje, \u010dak i u slu\u010daju ka\u0161njenja. <\/p><p data-start=\"855\" data-end=\"1094\">\ud83c\udf34 Privatne ture i izleti<br data-start=\"888\" data-end=\"891\">Otkrijte ljepotu Antalije uz na\u0161e prilago\u0111ene privatne ture, uklju\u010duju\u0107i obilaske grada, izlete jahtom, izlete u prirodu i kulturna iskustva. Putujte svojim tempom uz udobnost i fleksibilnost. <\/p><p data-start=\"1096\" data-end=\"1318\">\ud83d\ude98 Moderna i udobna vozila<br data-start=\"1132\" data-end=\"1135\">Na\u0161a flota se sastoji od \u010distih, modernih, klimatiziranih vozila, kojima upravljaju iskusni i profesionalni voza\u010di. Sigurnost, higijena i udobnost kupaca su nam uvijek na prvom mjestu. <\/p>\t\t\t\t\t\t\t\t<\/div>\n\t\t\t\t<\/div>\n\t\t\t\t\t<\/div>\n\t\t<\/div>\n\t\t\t\t\t<\/div>\n\t\t<\/section>\n\t\t\t\t<section class=\"elementor-section elementor-top-section elementor-element elementor-element-6a5a94e3 elementor-section-boxed elementor-section-height-default elementor-section-height-default\" data-id=\"6a5a94e3\" data-element_type=\"section\" data-e-type=\"section\">\n\t\t\t\t\t\t<div class=\"elementor-container elementor-column-gap-default\">\n\t\t\t\t\t<div class=\"elementor-column elementor-col-100 elementor-top-column elementor-element elementor-element-52410987\" data-id=\"52410987\" data-element_type=\"column\" data-e-type=\"column\">\n\t\t\t<div class=\"elementor-widget-wrap elementor-element-populated\">\n\t\t\t\t\t\t<div class=\"elementor-element elementor-element-54e053c2 elementor-widget elementor-widget-heading\" data-id=\"54e053c2\" data-element_type=\"widget\" data-e-type=\"widget\" data-widget_type=\"heading.default\">\n\t\t\t\t<div class=\"elementor-widget-container\">\n\t\t\t\t\t<h2 class=\"elementor-heading-title elementor-size-default\">\ud83d\udcac Za\u0161to odabrati Go Tour Transfer?<\/h2>\t\t\t\t<\/div>\n\t\t\t\t<\/div>\n\t\t\t\t<div class=\"elementor-element elementor-element-1272661 elementor-widget elementor-widget-text-editor\" data-id=\"1272661\" data-element_type=\"widget\" data-e-type=\"widget\" data-widget_type=\"text-editor.default\">\n\t\t\t\t<div class=\"elementor-widget-container\">\n\t\t\t\t\t\t\t\t\t<ul><li data-start=\"1356\" data-end=\"1381\"><p data-start=\"1358\" data-end=\"1381\">Korisni\u010dka podr\u0161ka 24\/7<\/p><\/li><li data-start=\"1382\" data-end=\"1413\"><p data-start=\"1384\" data-end=\"1413\">Fiksne i transparentne cijene<\/p><\/li><li data-start=\"1414\" data-end=\"1432\"><p data-start=\"1416\" data-end=\"1432\">Nema skrivenih naknada<\/p><\/li><li data-start=\"1433\" data-end=\"1461\"><p data-start=\"1435\" data-end=\"1461\">Usluga na engleskom jeziku<\/p><\/li><li data-start=\"1462\" data-end=\"1494\"><p data-start=\"1464\" data-end=\"1494\">Pravovremeni i pouzdani transferi<\/p><p data-start=\"1496\" data-end=\"1666\">Bez obzira da li putujete na odmor, poslovno ili u posebne prilike, Go Tour Transfer je va\u0161 pouzdani partner za udoban i siguran prevoz u Antaliji.<\/p><p data-start=\"1668\" data-end=\"1727\">\u2728 Putujte s povjerenjem. Putujte s Go Tour Transferom.<\/p><\/li><\/ul>\t\t\t\t\t\t\t\t<\/div>\n\t\t\t\t<\/div>\n\t\t\t\t\t<\/div>\n\t\t<\/div>\n\t\t\t\t\t<\/div>\n\t\t<\/section>\n\t\t\t\t<section class=\"elementor-section elementor-top-section elementor-element elementor-element-3f140f7e elementor-hidden-desktop elementor-hidden-laptop elementor-hidden-tablet_extra elementor-hidden-tablet elementor-hidden-mobile elementor-section-boxed elementor-section-height-default elementor-section-height-default\" data-id=\"3f140f7e\" data-element_type=\"section\" data-e-type=\"section\" data-settings=\"{&quot;background_background&quot;:&quot;classic&quot;}\">\n\t\t\t\t\t\t<div class=\"elementor-container elementor-column-gap-default\">\n\t\t\t\t\t<div class=\"elementor-column elementor-col-100 elementor-top-column elementor-element elementor-element-19e07eda\" data-id=\"19e07eda\" data-element_type=\"column\" data-e-type=\"column\">\n\t\t\t<div class=\"elementor-widget-wrap elementor-element-populated\">\n\t\t\t\t\t\t<div class=\"elementor-element elementor-element-393379d9 elementor-widget elementor-widget-heading\" data-id=\"393379d9\" data-element_type=\"widget\" data-e-type=\"widget\" data-widget_type=\"heading.default\">\n\t\t\t\t<div class=\"elementor-widget-container\">\n\t\t\t\t\t<h2 class=\"elementor-heading-title elementor-size-default\">\u0160ta ka\u017eu na\u0161i klijenti<\/h2>\t\t\t\t<\/div>\n\t\t\t\t<\/div>\n\t\t\t\t<div class=\"elementor-element elementor-element-5284cf5f elementor-widget elementor-widget-st_testimonial\" data-id=\"5284cf5f\" data-element_type=\"widget\" data-e-type=\"widget\" data-settings=\"{&quot;slides_per_view&quot;:&quot;2&quot;}\" data-widget_type=\"st_testimonial.default\">\n\t\t\t\t<div class=\"elementor-widget-container\">\n\t\t\t\t\t<div class=\"st-testimonial-modern-slider\">\r\n    <div class=\"st-testimonial\" data-effect=\"creative\" data-slides-per-view=\"2\" data-pagination=\"on\" data-navigation=\"on\" data-auto-play=\"off\" data-loop=\"true\" data-delay=\"\">\r\n        <div class=\"service-testimonial-wrapper swiper-container\">\r\n\t\t\t<div class=\"swiper-wrapper\">\r\n                            <div class=\"swiper-slide\">\r\n                    <div class=\"item\">\r\n\r\n                        \r\n                        <p class=\"st-content st-content-lib\">\r\n                            \u201cLorem ipsum dolor sit amet, consectetur adipiscing elit. Massa amet condimentum in pretium. Montes tristique amet pellentesque ut fames condimentum.\u201d                        <\/p>\r\n                        <div class=\"author-meta author-meta-lib\">\r\n                                                                    <i class=\"review-testimonial stt-icon-star1\"><\/i>\r\n                                                                            <i class=\"review-testimonial stt-icon-star1\"><\/i>\r\n                                                                            <i class=\"review-testimonial stt-icon-star1\"><\/i>\r\n                                                                            <i class=\"review-testimonial stt-icon-star1\"><\/i>\r\n                                                                            <i class=\"review-testimonial stt-icon-star1\"><\/i>\r\n                                                                                                    <h4 class=\"name\">Darlene Robertson<\/h4>\r\n                                \r\n                                                                <p class=\"office-testimonial office-testimonial-lib\">Customers in U.S.A<\/p>\r\n                                \r\n                        <\/div>\r\n                    <\/div>\r\n                <\/div>\r\n                            <div class=\"swiper-slide\">\r\n                    <div class=\"item\">\r\n\r\n                        \r\n                        <p class=\"st-content st-content-lib\">\r\n                            \u201cLorem ipsum dolor sit amet, consectetur adipiscing elit. Massa amet condimentum in pretium. Montes tristique amet pellentesque ut fames condimentum.\u201d                        <\/p>\r\n                        <div class=\"author-meta author-meta-lib\">\r\n                                                                    <i class=\"review-testimonial stt-icon-star1\"><\/i>\r\n                                                                            <i class=\"review-testimonial stt-icon-star1\"><\/i>\r\n                                                                            <i class=\"review-testimonial stt-icon-star1\"><\/i>\r\n                                                                            <i class=\"review-testimonial stt-icon-star1\"><\/i>\r\n                                                                            <i class=\"review-testimonial stt-icon-star1\"><\/i>\r\n                                                                                                    <h4 class=\"name\">Darlene Robertson<\/h4>\r\n                                \r\n                                                                <p class=\"office-testimonial office-testimonial-lib\">Customers in U.S.A<\/p>\r\n                                \r\n                        <\/div>\r\n                    <\/div>\r\n                <\/div>\r\n                            <div class=\"swiper-slide\">\r\n                    <div class=\"item\">\r\n\r\n                        \r\n                        <p class=\"st-content st-content-lib\">\r\n                            \u201cLorem ipsum dolor sit amet, consectetur adipiscing elit. Massa amet condimentum in pretium. Montes tristique amet pellentesque ut fames condimentum.\u201d                        <\/p>\r\n                        <div class=\"author-meta author-meta-lib\">\r\n                                                                    <i class=\"review-testimonial stt-icon-star1\"><\/i>\r\n                                                                            <i class=\"review-testimonial stt-icon-star1\"><\/i>\r\n                                                                            <i class=\"review-testimonial stt-icon-star1\"><\/i>\r\n                                                                            <i class=\"review-testimonial stt-icon-star1\"><\/i>\r\n                                                                            <i class=\"review-testimonial stt-icon-star1\"><\/i>\r\n                                                                                                    <h4 class=\"name\">Darlene Robertson<\/h4>\r\n                                \r\n                                                                <p class=\"office-testimonial office-testimonial-lib\">Customers in U.S.A<\/p>\r\n                                \r\n                        <\/div>\r\n                    <\/div>\r\n                <\/div>\r\n                            <div class=\"swiper-slide\">\r\n                    <div class=\"item\">\r\n\r\n                        \r\n                        <p class=\"st-content st-content-lib\">\r\n                            \u201cLorem ipsum dolor sit amet, consectetur adipiscing elit. Massa amet condimentum in pretium. Montes tristique amet pellentesque ut fames condimentum.\u201d                        <\/p>\r\n                        <div class=\"author-meta author-meta-lib\">\r\n                                                                    <i class=\"review-testimonial stt-icon-star1\"><\/i>\r\n                                                                            <i class=\"review-testimonial stt-icon-star1\"><\/i>\r\n                                                                            <i class=\"review-testimonial stt-icon-star1\"><\/i>\r\n                                                                            <i class=\"review-testimonial stt-icon-star1\"><\/i>\r\n                                                                            <i class=\"review-testimonial stt-icon-star1\"><\/i>\r\n                                                                                                    <h4 class=\"name\">Darlene Robertson<\/h4>\r\n                                \r\n                                                                <p class=\"office-testimonial office-testimonial-lib\">Customers in U.S.A<\/p>\r\n                                \r\n                        <\/div>\r\n                    <\/div>\r\n                <\/div>\r\n            \t\t\t<\/div>\r\n        <\/div>\r\n\t\t\t\t<div class=\"swiper-pagination\"><\/div>\r\n\t\t\t\t\t<div class=\"st-button-prev\"><span class=\"stt-icon stt-icon-arrow-left\"><\/span><\/div><div class=\"st-button-next\"><span class=\"stt-icon stt-icon-arrow-right\"><\/span><\/div>\r\n\t\t    <\/div>\r\n<\/div>\r\n\r\n\r\n\t\t\t\t<\/div>\n\t\t\t\t<\/div>\n\t\t\t\t\t<\/div>\n\t\t<\/div>\n\t\t\t\t\t<\/div>\n\t\t<\/section>\n\t\t\t\t<\/div>\n\t\t","protected":false},"excerpt":{"rendered":"<p>Go Tour Transfer \u2013 Alanya &amp; Antalya \ud83d\ude97 Sigurni, udobni i pouzdani transferi u regiji Antalije Go Tour Transfer je profesionalna kompanija za transfere i putovanja sa sjedi\u0161tem u Alanji, koja pru\u017ea visokokvalitetne usluge prijevoza \u0161irom Antalije i okolnih regija. Specijalizirani smo za transfere od\/do aerodroma, privatne ture, hotelske transfere i VIP prijevoz, osiguravaju\u0107i nesmetano [&hellip;]<\/p>\n","protected":false},"author":1,"featured_media":16390,"parent":0,"menu_order":0,"comment_status":"closed","ping_status":"closed","template":"template-blank.php","meta":{"footnotes":""},"class_list":["post-16391","page","type-page","status-publish","has-post-thumbnail","hentry"],"_links":{"self":[{"href":"https:\/\/www.gotourtransfer.com\/bs\/wp-json\/wp\/v2\/pages\/16391","targetHints":{"allow":["GET"]}}],"collection":[{"href":"https:\/\/www.gotourtransfer.com\/bs\/wp-json\/wp\/v2\/pages"}],"about":[{"href":"https:\/\/www.gotourtransfer.com\/bs\/wp-json\/wp\/v2\/types\/page"}],"author":[{"embeddable":true,"href":"https:\/\/www.gotourtransfer.com\/bs\/wp-json\/wp\/v2\/users\/1"}],"replies":[{"embeddable":true,"href":"https:\/\/www.gotourtransfer.com\/bs\/wp-json\/wp\/v2\/comments?post=16391"}],"version-history":[{"count":1,"href":"https:\/\/www.gotourtransfer.com\/bs\/wp-json\/wp\/v2\/pages\/16391\/revisions"}],"predecessor-version":[{"id":16392,"href":"https:\/\/www.gotourtransfer.com\/bs\/wp-json\/wp\/v2\/pages\/16391\/revisions\/16392"}],"wp:featuredmedia":[{"embeddable":true,"href":"https:\/\/www.gotourtransfer.com\/bs\/wp-json\/wp\/v2\/media\/16390"}],"wp:attachment":[{"href":"https:\/\/www.gotourtransfer.com\/bs\/wp-json\/wp\/v2\/media?parent=16391"}],"curies":[{"name":"wp","href":"https:\/\/api.w.org\/{rel}","templated":true}]}}